{"id":57,"date":"2020-05-19T15:45:43","date_gmt":"2020-05-19T15:45:43","guid":{"rendered":"https:\/\/sunucuyeri.com\/blog\/?page_id=57"},"modified":"2020-07-02T08:28:21","modified_gmt":"2020-07-02T08:28:21","slug":"sunucuyeri-blog","status":"publish","type":"page","link":"https:\/\/sunucuyeri.com\/blog\/","title":{"rendered":"Ana Sayfa"},"content":{"rendered":"\r\n<p><a title=\"E-Ticaret Sitesi Kurulumuna Ba\u015flamadan \u00d6nce Dikkate Al\u0131nmas\u0131 Gereken Fakt\u00f6rler\" href=\"https:\/\/sunucuyeri.com\/blog\/e-ticaret-sitesi-kurulum-asamalari\/\" target=\"_self\" rel=\"noopener noreferrer\"> <img decoding=\"async\" src=\"https:\/\/sunucuyeri.com\/blog\/wp-content\/uploads\/2020\/05\/ecommerce.png\" alt=\"\" \/> <\/a><\/p>\r\n<h3><a tabindex=\"0\" title=\"E-Ticaret Sitesi Kurulumuna Ba\u015flamadan \u00d6nce Dikkate Al\u0131nmas\u0131 Gereken Fakt\u00f6rler\" href=\"https:\/\/sunucuyeri.com\/blog\/e-ticaret-sitesi-kurulum-asamalari\/\">E-Ticaret Sitesi Kurulumuna Ba\u015flamadan \u00d6nce Dikkate Al\u0131nmas\u0131 Gereken Fakt\u00f6rler<\/a><\/h3>\r\n<h5>By <a href=\"https:\/\/sunucuyeri.com\/blog\/author\/ygurdamar\/\"> Y\u00fcksel G\u00fcrdamar <\/a> | May 31, 2020 | <a href=\"https:\/\/sunucuyeri.com\/blog\/category\/genel\/\" rel=\"category tag\">Genel<\/a>,\u00a0 <a href=\"https:\/\/sunucuyeri.com\/blog\/category\/nasil-yapilir\/\" rel=\"category tag\">Nas\u0131l Yap\u0131l\u0131r?<\/a>,\u00a0 <a href=\"https:\/\/sunucuyeri.com\/blog\/category\/wordpress\/\" rel=\"category tag\">WordPress<\/a><\/h5>\r\n<p>E-Ticaret Sitesi Kurulumuna Ba\u015flamadan \u00d6nce Dikkate Al\u0131nmas\u0131 Gereken Fakt\u00f6rler Bug\u00fcn, bir perakende i\u015fletmenin bir t\u00fcr \u00e7evrimi\u00e7i varl\u0131\u011f\u0131 olmadan ayakta durmas\u0131 neredeyse imkans\u0131zd\u0131r. K\u00fc\u00e7\u00fck bir perakende i\u015fletme sahibiyseniz, muhtemelen \u00e7evrimi\u00e7i sat\u0131\u015f yaparak yararlanabilece\u011finiz bir\u00e7ok avantaj\u0131 fark etmi\u015fsinizdir. G\u00fcn\u00fcm\u00fczde e-ticaret ma\u011fazalar\u0131, \u00e7e\u015fitli y\u00fcksek kaliteli DIY web sitesi olu\u015fturma platformlar\u0131 sayesinde kendi ba\u015f\u0131n\u0131za kurmak i\u00e7in olduk\u00e7a ucuz olabilir\u2026 <a href=\"https:\/\/sunucuyeri.com\/blog\/e-ticaret-sitesi-kurulum-asamalari\/\" target=\"_self\" rel=\"noopener noreferrer\">Devam\u0131n\u0131 Okuyun \u2192<\/a> <a title=\"TunesKit Audio Converter: Profesyonel ve Tam \u00d6zellikli Ses D\u00f6n\u00fc\u015ft\u00fcr\u00fcc\u00fc\" href=\"https:\/\/sunucuyeri.com\/blog\/tuneskit-audio-converter-profesyonel-ve-tam-ozellikli-ses-donusturucu\/\" target=\"_self\" rel=\"noopener noreferrer\"> <img decoding=\"async\" src=\"https:\/\/sunucuyeri.com\/blog\/wp-content\/uploads\/2020\/05\/1.png\" alt=\"\" \/> <\/a><\/p>\r\n<h3><a tabindex=\"0\" title=\"TunesKit Audio Converter: Profesyonel ve Tam \u00d6zellikli Ses D\u00f6n\u00fc\u015ft\u00fcr\u00fcc\u00fc\" href=\"https:\/\/sunucuyeri.com\/blog\/tuneskit-audio-converter-profesyonel-ve-tam-ozellikli-ses-donusturucu\/\">TunesKit Audio Converter: Profesyonel ve Tam \u00d6zellikli Ses D\u00f6n\u00fc\u015ft\u00fcr\u00fcc\u00fc<\/a><\/h3>\r\n<h5>By <a href=\"https:\/\/sunucuyeri.com\/blog\/author\/ygurdamar\/\"> Y\u00fcksel G\u00fcrdamar <\/a> | May 31, 2020 | <a href=\"https:\/\/sunucuyeri.com\/blog\/category\/nedir\/\" rel=\"category tag\">Nedir?<\/a>,\u00a0 <a href=\"https:\/\/sunucuyeri.com\/blog\/category\/programlar\/\" rel=\"category tag\">Programlar<\/a>,\u00a0 <a href=\"https:\/\/sunucuyeri.com\/blog\/category\/sunucu\/\" rel=\"category tag\">Sunucu<\/a><\/h5>\r\n<p>Piyasada bir s\u00fcr\u00fc ses d\u00f6n\u00fc\u015ft\u00fcr\u00fcc\u00fcs\u00fc var, ancak \u00e7ok az\u0131 iyi bir i\u015f yapabilir. Tek tek test etmek i\u00e7in zaman\u0131n\u0131z olmad\u0131\u011f\u0131 i\u00e7in iyi bir tane bulmak biraz zor. Profesyonel ve tam \u00f6zellikli bir ses d\u00f6n\u00fc\u015ft\u00fcr\u00fcc\u00fc aramaya e\u011filimliyseniz, TunesKit Ses D\u00f6n\u00fc\u015ft\u00fcr\u00fcc\u00fc denileni d\u00fc\u015f\u00fcnebilirsiniz. TunesKit Audio Converter profesyonel ve g\u00fc\u00e7l\u00fc bir ses d\u00f6n\u00fc\u015ft\u00fcr\u00fcc\u00fcd\u00fcr. Yard\u0131m\u0131 ile Apple Music ve\u2026 <a href=\"https:\/\/sunucuyeri.com\/blog\/tuneskit-audio-converter-profesyonel-ve-tam-ozellikli-ses-donusturucu\/\" target=\"_self\" rel=\"noopener noreferrer\">Devam\u0131n\u0131 Okuyun \u2192<\/a> <a title=\"Plesk Panel, DirectAdmin ve ENS\u0130M \u2018den Cpanele Transfer Nas\u0131l Yap\u0131l\u0131r?\" href=\"https:\/\/sunucuyeri.com\/blog\/plesk-panel-directadmin-ve-ensim-den-cpanele-transfer-nasil-yapilir\/\" target=\"_self\" rel=\"noopener noreferrer\"> <img alt=\"\" \/> <\/a><\/p>\r\n<h3><a tabindex=\"0\" title=\"Plesk Panel, DirectAdmin ve ENS\u0130M \u2018den Cpanele Transfer Nas\u0131l Yap\u0131l\u0131r?\" href=\"https:\/\/sunucuyeri.com\/blog\/plesk-panel-directadmin-ve-ensim-den-cpanele-transfer-nasil-yapilir\/\">Plesk Panel, DirectAdmin ve ENS\u0130M \u2018den Cpanele Transfer Nas\u0131l Yap\u0131l\u0131r?<\/a><\/h3>\r\n<h5>By <a href=\"https:\/\/sunucuyeri.com\/blog\/author\/iberkay\/\"> iberkay <\/a> | May 31, 2020 | <a href=\"https:\/\/sunucuyeri.com\/blog\/category\/barindirma\/\" rel=\"category tag\">BARINDIRMA<\/a>,\u00a0 <a href=\"https:\/\/sunucuyeri.com\/blog\/category\/nasil-yapilir\/\" rel=\"category tag\">Nas\u0131l Yap\u0131l\u0131r?<\/a>,\u00a0 <a href=\"https:\/\/sunucuyeri.com\/blog\/category\/uncategorized\/\" rel=\"category tag\">Uncategorized<\/a><\/h5>\r\n<p>Merhaba, Hesab\u0131n cPanel sunucunuza aktar\u0131lmas\u0131n\u0131 sa\u011flamak i\u00e7in iki farkl\u0131 se\u00e7enek vard\u0131r. Ama en g\u00fcvenilir olan\u0131 manuel trasferdir. Web sitelerinizin eksiksiz ta\u015f\u0131nd\u0131\u011f\u0131na emin olursunuz. Size manuel nas\u0131l ta\u015f\u0131ma yapaca\u011f\u0131n\u0131z ile ilgili detayl\u0131 bilgi verece\u011fiz; \u00a0 Not: bu k\u0131lavuzdaki \u00f6rnekler scp yoluyla oturum a\u00e7mak i\u00e7in root hesab\u0131n\u0131 kullan\u0131r. Bu sadece g\u00f6sterim ama\u00e7l\u0131d\u0131r.\u00a0K\u00f6k olarak oturum a\u00e7mak k\u00f6t\u00fc bir\u2026 <a href=\"https:\/\/sunucuyeri.com\/blog\/plesk-panel-directadmin-ve-ensim-den-cpanele-transfer-nasil-yapilir\/\" target=\"_self\" rel=\"noopener noreferrer\">Devam\u0131n\u0131 Okuyun \u2192<\/a> <a title=\"E-Ticaret Altyap\u0131s\u0131nda Olmas\u0131 Gereken Ara\u00e7lar\" href=\"https:\/\/sunucuyeri.com\/blog\/e-ticaret-altyapisinda-olmasi-gereken-araclar\/\" target=\"_self\" rel=\"noopener noreferrer\"> <img decoding=\"async\" src=\"https:\/\/sunucuyeri.com\/blog\/wp-content\/uploads\/2020\/05\/working-macbook-computer-keyboard-34577.jpg\" alt=\"\" \/> <\/a><\/p>\r\n<h3><a tabindex=\"0\" title=\"E-Ticaret Altyap\u0131s\u0131nda Olmas\u0131 Gereken Ara\u00e7lar\" href=\"https:\/\/sunucuyeri.com\/blog\/e-ticaret-altyapisinda-olmasi-gereken-araclar\/\">E-Ticaret Altyap\u0131s\u0131nda Olmas\u0131 Gereken Ara\u00e7lar<\/a><\/h3>\r\n<h5>By <a href=\"https:\/\/sunucuyeri.com\/blog\/author\/ygurdamar\/\"> Y\u00fcksel G\u00fcrdamar <\/a> | May 31, 2020 | <a href=\"https:\/\/sunucuyeri.com\/blog\/category\/nedir\/\" rel=\"category tag\">Nedir?<\/a>,\u00a0 <a href=\"https:\/\/sunucuyeri.com\/blog\/category\/sunucu\/\" rel=\"category tag\">Sunucu<\/a>,\u00a0 <a href=\"https:\/\/sunucuyeri.com\/blog\/category\/wordpress\/\" rel=\"category tag\">WordPress<\/a><\/h5>\r\n<p>\u0130\u015finizi ayarlarken, ister yeni ister profesyonel olun; verimlili\u011fini art\u0131rmak i\u00e7in her zaman baz\u0131 ara\u00e7lara ihtiyac\u0131n\u0131z olacakt\u0131r. \u00c7\u00fcnk\u00fc bu ara\u00e7lar i\u015finizi daha verimli ve do\u011fru bir \u015fekilde y\u00fcr\u00fctmenizi sa\u011flar. Bu t\u00fcr ara\u00e7lar ayr\u0131ca, her k\u00fc\u00e7\u00fck ayr\u0131nt\u0131ya kendi ba\u015f\u0131n\u0131za fazla dikkat etmeden i\u015finizi do\u011fru bir \u015fekilde ele alman\u0131n daha kolay yollar\u0131 olarak gelir. Ve b\u00f6ylece, e-Ticaret i\u015finize\u2026 <a href=\"https:\/\/sunucuyeri.com\/blog\/e-ticaret-altyapisinda-olmasi-gereken-araclar\/\" target=\"_self\" rel=\"noopener noreferrer\">Devam\u0131n\u0131 Okuyun \u2192<\/a> <a title=\"Chrome \u015fifreleri i\u00e7e aktarma\" href=\"https:\/\/sunucuyeri.com\/blog\/chrome-sifre-ice-aktarma\/\" target=\"_self\" rel=\"noopener noreferrer\"> <img alt=\"\" \/> <\/a><\/p>\r\n<h3><a tabindex=\"0\" title=\"Chrome \u015fifreleri i\u00e7e aktarma\" href=\"https:\/\/sunucuyeri.com\/blog\/chrome-sifre-ice-aktarma\/\">Chrome \u015fifreleri i\u00e7e aktarma<\/a><\/h3>\r\n<h5>By <a href=\"https:\/\/sunucuyeri.com\/blog\/author\/ygurdamar\/\"> Y\u00fcksel G\u00fcrdamar <\/a> | Nis 23, 2020 | <a href=\"https:\/\/sunucuyeri.com\/blog\/category\/genel\/\" rel=\"category tag\">Genel<\/a>,\u00a0 <a href=\"https:\/\/sunucuyeri.com\/blog\/category\/nasil-yapilir\/\" rel=\"category tag\">Nas\u0131l Yap\u0131l\u0131r?<\/a><\/h5>\r\n<p>Chrome \u015fifrelerini i\u00e7e aktarma Chrome sifre ice aktarma i\u015flemi nas\u0131l yap\u0131l\u0131r ? Detayl\u0131 \u015fekilde yaz\u0131m\u0131zda bulabilirsiniz. Google chrome taray\u0131c\u0131m\u0131z\u0131 a\u00e7\u0131yoruz. adres alan\u0131na chrome:\/\/flags\/ yaz\u0131yoruz. Password import se\u00e7ene\u011fini enabled yap\u0131yoruz. Daha Sonras\u0131nda chrome:\/\/settings\/passwords sayfas\u0131na geliyoruz. \u205e t\u0131klay\u0131p import diyerek \u015fifrelerimizin kay\u0131tl\u0131 oldu\u011fu excel i\u00e7eri import ediyoruz. <a href=\"https:\/\/sunucuyeri.com\/blog\/chrome-sifre-ice-aktarma\/\" target=\"_self\" rel=\"noopener noreferrer\">Devam\u0131n\u0131 Okuyun \u2192<\/a> <a title=\"Fiziksel Sunucu Nedir?\" href=\"https:\/\/sunucuyeri.com\/blog\/fiziksel-sunucu-nedir\/\" target=\"_self\" rel=\"noopener noreferrer\"> <img decoding=\"async\" src=\"https:\/\/sunucuyeri.com\/blog\/wp-content\/uploads\/2019\/01\/fizilse_sunucu_nedir-1024x576.jpg\" alt=\"Fiziksel Sunucu Nedir?\" \/> <\/a><\/p>\r\n<h3><a tabindex=\"0\" title=\"Fiziksel Sunucu Nedir?\" href=\"https:\/\/sunucuyeri.com\/blog\/fiziksel-sunucu-nedir\/\">Fiziksel Sunucu Nedir?<\/a><\/h3>\r\n<h5>By <a href=\"https:\/\/sunucuyeri.com\/blog\/author\/ygurdamar\/\"> Y\u00fcksel G\u00fcrdamar <\/a> | \u015eub 15, 2020 | <a href=\"https:\/\/sunucuyeri.com\/blog\/category\/nedir\/\" rel=\"category tag\">Nedir?<\/a>,\u00a0 <a href=\"https:\/\/sunucuyeri.com\/blog\/category\/server\/\" rel=\"category tag\">SERVER<\/a>,\u00a0 <a href=\"https:\/\/sunucuyeri.com\/blog\/category\/sunucu\/\" rel=\"category tag\">Sunucu<\/a><\/h5>\r\n<p>Fiziksel sunucu, istemci ismi verilen ba\u015fka bir program taraf\u0131ndan yap\u0131lan t\u00fcm istemlere yan\u0131t verebilen bir bilgisayard\u0131r. Ayr\u0131ca bir a\u011fdaki merkezi kaynaktan istenilen hizmetlere ula\u015f\u0131m\u0131 bile idare eder. Sunucular bilgileri istemcilere g\u00f6nderen modelin bir par\u00e7as\u0131 olarak \u00e7al\u0131\u015f\u0131lmaktad\u0131r. <a href=\"https:\/\/sunucuyeri.com\/blog\/fiziksel-sunucu-nedir\/\" target=\"_self\" rel=\"noopener noreferrer\">Devam\u0131n\u0131 Okuyun \u2192<\/a> <a title=\"Windows Sunucu Nedir?\" href=\"https:\/\/sunucuyeri.com\/blog\/windows-sunucu-nedir\/\" target=\"_self\" rel=\"noopener noreferrer\"> <img decoding=\"async\" src=\"https:\/\/sunucuyeri.com\/blog\/wp-content\/uploads\/2019\/01\/micrososft-windows-server-1024x576.jpg\" alt=\"micrososft-windows-server\" \/> <\/a><\/p>\r\n<h3><a tabindex=\"0\" title=\"Windows Sunucu Nedir?\" href=\"https:\/\/sunucuyeri.com\/blog\/windows-sunucu-nedir\/\">Windows Sunucu Nedir?<\/a><\/h3>\r\n<h5>By <a href=\"https:\/\/sunucuyeri.com\/blog\/author\/ygurdamar\/\"> Y\u00fcksel G\u00fcrdamar <\/a> | \u015eub 14, 2020 | <a href=\"https:\/\/sunucuyeri.com\/blog\/category\/nedir\/\" rel=\"category tag\">Nedir?<\/a>,\u00a0 <a href=\"https:\/\/sunucuyeri.com\/blog\/category\/server\/\" rel=\"category tag\">SERVER<\/a>,\u00a0 <a href=\"https:\/\/sunucuyeri.com\/blog\/category\/sunucu\/\" rel=\"category tag\">Sunucu<\/a><\/h5>\r\n<p>Windows Sunucu Nedir Nas\u0131l \u00c7al\u0131\u015f\u0131r ? Windows sunucu nedir\u00a0\u00a0bilgisayar a\u011flar\u0131nda ve \u00f6b\u00fcr a\u011f bile\u015fenlerinin ula\u015fabilece\u011fi, kullan\u0131m\u0131na veya payla\u015f\u0131m\u0131na uygun kaynaklar\u0131 bar\u0131nd\u0131ran bilgisayar \u00fcnitesidir. Bir a\u011fda birden fazla sunucu \u00fcnite bulunabilir. Kar\u015f\u0131 istemci ise Client\u2019dir. <a href=\"https:\/\/sunucuyeri.com\/blog\/windows-sunucu-nedir\/\" target=\"_self\" rel=\"noopener noreferrer\">Devam\u0131n\u0131 Okuyun \u2192<\/a> <a title=\"Hosting Nas\u0131l Ta\u015f\u0131n\u0131r?\" href=\"https:\/\/sunucuyeri.com\/blog\/hosting-nasil-tasinir\/\" target=\"_self\" rel=\"noopener noreferrer\"> <img decoding=\"async\" src=\"https:\/\/sunucuyeri.com\/blog\/wp-content\/uploads\/2019\/07\/hosting_nasil_tasir_gorsel-1024x576.jpg\" alt=\"hosting_nasil_tasir\" \/> <\/a><\/p>\r\n<h3><a tabindex=\"0\" title=\"Hosting Nas\u0131l Ta\u015f\u0131n\u0131r?\" href=\"https:\/\/sunucuyeri.com\/blog\/hosting-nasil-tasinir\/\">Hosting Nas\u0131l Ta\u015f\u0131n\u0131r?<\/a><\/h3>\r\n<h5>By <a href=\"https:\/\/sunucuyeri.com\/blog\/author\/ygurdamar\/\"> Y\u00fcksel G\u00fcrdamar <\/a> | \u015eub 12, 2020 | <a href=\"https:\/\/sunucuyeri.com\/blog\/category\/barindirma\/\" rel=\"category tag\">BARINDIRMA<\/a>,\u00a0 <a href=\"https:\/\/sunucuyeri.com\/blog\/category\/nasil-yapilir\/\" rel=\"category tag\">Nas\u0131l Yap\u0131l\u0131r?<\/a><\/h5>\r\n<p>Hosting Ta\u015f\u0131ma S\u0131ras\u0131nda Nelere Dikkat Edilmeli? Hostin Nas\u0131l Ta\u015f\u0131n\u0131r? Web siteniz i\u00e7in en \u00f6nemli unsur olan hosting firmas\u0131 se\u00e7imi olduk\u00e7a \u00f6nemlidir. B\u00fcy\u00fck bir titizlik ve dikkat sonucunda, \u00e7e\u015fitli ara\u015ft\u0131rmalar yaparak hosting firmas\u0131 hakk\u0131nda karar vermeniz gerekmektedir. Web sitenizi bulundurdu\u011funuz host firmas\u0131, g\u00f6r\u00fcn\u00fc\u015fte sadece sitenizin h\u0131z\u0131n\u0131 ve g\u00fcvenli\u011fini etkiler g\u00f6r\u00fcn\u00fcmde olsada, google\u2019da bulundu\u011funuz s\u0131ralamadan\u00a0seo \u00e7al\u0131\u015fmalar\u0131n\u0131n ba\u015far\u0131l\u0131\u2026 <a href=\"https:\/\/sunucuyeri.com\/blog\/hosting-nasil-tasinir\/\" target=\"_self\" rel=\"noopener noreferrer\">Devam\u0131n\u0131 Okuyun \u2192<\/a> <a title=\"Yandex Mail Sunucu Sorunu\" href=\"https:\/\/sunucuyeri.com\/blog\/yandex-mail-sunucu-sorunu\/\" target=\"_self\" rel=\"noopener noreferrer\"> <img alt=\"\" \/> <\/a><\/p>\r\n<h3><a tabindex=\"0\" title=\"Yandex Mail Sunucu Sorunu\" href=\"https:\/\/sunucuyeri.com\/blog\/yandex-mail-sunucu-sorunu\/\">Yandex Mail Sunucu Sorunu<\/a><\/h3>\r\n<h5>By <a href=\"https:\/\/sunucuyeri.com\/blog\/author\/ygurdamar\/\"> Y\u00fcksel G\u00fcrdamar <\/a> | \u015eub 5, 2020 | <a href=\"https:\/\/sunucuyeri.com\/blog\/category\/genel\/\" rel=\"category tag\">Genel<\/a>,\u00a0 <a href=\"https:\/\/sunucuyeri.com\/blog\/category\/nasil-yapilir\/\" rel=\"category tag\">Nas\u0131l Yap\u0131l\u0131r?<\/a>,\u00a0 <a href=\"https:\/\/sunucuyeri.com\/blog\/category\/nedir\/\" rel=\"category tag\">Nedir?<\/a><\/h5>\r\n<p>Yandex Mail Sunucu Sorunu Yandex mail sunucular\u0131 \u00e7al\u0131\u015fm\u0131yor yakla\u015f\u0131k 16:00 dan beri yandexin hizmet verdi\u011fi mail sunucular\u0131 \u00e7al\u0131\u015fmamaktad\u0131r. Yap\u0131lan kontrollerde servislerin durdu\u011fu g\u00f6r\u00fcnt\u00fclenmekte olup mx kay\u0131tlar\u0131 a\u015fa\u011f\u0131daki gibi bo\u015f olarak gelmektedir. Reverse MX A records (PTR)ERROR: No reverse DNS (PTR) entries. The problem MX records are: 89.204.180.213.in-addr.arpa -&gt; no reverse (PTR) detected 89.21.88.77.in-addr.arpa -&gt; no\u2026 <a href=\"https:\/\/sunucuyeri.com\/blog\/yandex-mail-sunucu-sorunu\/\" target=\"_self\" rel=\"noopener noreferrer\">Devam\u0131n\u0131 Okuyun \u2192<\/a> <a title=\"Hosting Nedir?\" href=\"https:\/\/sunucuyeri.com\/blog\/hosting-nedir\/\" target=\"_self\" rel=\"noopener noreferrer\"> <img decoding=\"async\" src=\"https:\/\/sunucuyeri.com\/blog\/wp-content\/uploads\/2019\/11\/hosting-firmasi-secimi-nasil-yapilir-neden-onemlidiri_3.jpg\" alt=\"hosting-firmasi-secimi-nasil-yapilir-neden-onemlidir\" \/> <\/a><\/p>\r\n<h3><a tabindex=\"0\" title=\"Hosting Nedir?\" href=\"https:\/\/sunucuyeri.com\/blog\/hosting-nedir\/\">Hosting Nedir?<\/a><\/h3>\r\n<h5>By <a href=\"https:\/\/sunucuyeri.com\/blog\/author\/iberkay\/\"> iberkay <\/a> | Oca 21, 2020 | <a href=\"https:\/\/sunucuyeri.com\/blog\/category\/barindirma\/\" rel=\"category tag\">BARINDIRMA<\/a>,\u00a0 <a href=\"https:\/\/sunucuyeri.com\/blog\/category\/nedir\/\" rel=\"category tag\">Nedir?<\/a><\/h5>\r\n<p>Hosting Nedir ? Genel anlamda hosting web sitelerinin verileri ile bilgilerinin topland\u0131\u011f\u0131 ve bar\u0131nd\u0131r\u0131ld\u0131\u011f\u0131, ihtiya\u00e7 duyulmas\u0131 durumunda eri\u015fim sa\u011flanmas\u0131n\u0131 sa\u011flayan web sitesi bar\u0131nd\u0131rma anlam\u0131na geliyor. Yay\u0131nlanacak web sitesinin i\u00e7eri\u011fi, tahmini ziyaret\u00e7i say\u0131s\u0131, t\u00fcr\u00fc ve haz\u0131rlan\u0131rken kullan\u0131lan yaz\u0131l\u0131m diline g\u00f6re farkl\u0131 hosting yan\u0131 bar\u0131nd\u0131rma se\u00e7enekleri bulunur. Bu se\u00e7enekleri inceledi\u011fimiz hosting sayfam\u0131z\u0131 inceleyebilirsiniz. Web hosting nedir sorusunun\u2026 <a href=\"https:\/\/sunucuyeri.com\/blog\/hosting-nedir\/\" target=\"_self\" rel=\"noopener noreferrer\">Devam\u0131n\u0131 Okuyun \u2192<\/a><\/p>\r\n<ul class=\"page-numbers\">\r\n<li>1<\/li>\r\n<li><a href=\"https:\/\/sunucuyeri.com\/blog\/page\/2\/?fl_builder\">2<\/a><\/li>\r\n<li><a href=\"https:\/\/sunucuyeri.com\/blog\/page\/3\/?fl_builder\">3<\/a><\/li>\r\n<li><a href=\"https:\/\/sunucuyeri.com\/blog\/page\/4\/?fl_builder\">4<\/a><\/li>\r\n<li><a href=\"https:\/\/sunucuyeri.com\/blog\/page\/2\/?fl_builder\">Sonraki \u00bb<\/a><\/li>\r\n<\/ul>\r\n","protected":false},"excerpt":{"rendered":"<p>E-Ticaret Sitesi Kurulumuna Ba\u015flamadan \u00d6nce Dikkate Al\u0131nmas\u0131 Gereken Fakt\u00f6rler By Y\u00fcksel G\u00fcrdamar | May 31, 2020 | Genel,\u00a0 Nas\u0131l Yap\u0131l\u0131r?,\u00a0 WordPress E-Ticaret Sitesi Kurulumuna Ba\u015flamadan \u00d6nce Dikkate Al\u0131nmas\u0131 Gereken Fakt\u00f6rler Bug\u00fcn, bir perakende i\u015fletmenin bir t\u00fcr \u00e7evrimi\u00e7i varl\u0131\u011f\u0131 olmadan ayakta durmas\u0131 neredeyse imkans\u0131zd\u0131r. K\u00fc\u00e7\u00fck bir perakende i\u015fletme sahibiyseniz, muhtemelen \u00e7evrimi\u00e7i sat\u0131\u015f yaparak yararlanabilece\u011finiz bir\u00e7ok avantaj\u0131&hellip;<\/p>\n","protected":false},"author":4,"featured_media":0,"parent":0,"menu_order":0,"comment_status":"closed","ping_status":"closed","template":"","meta":{"footnotes":""},"yoast_head":"<!-- This site is optimized with the Yoast SEO plugin v22.7 - https:\/\/yoast.com\/wordpress\/plugins\/seo\/ -->\n<title>Sunucu Sorunu \u00c7\u00f6z\u00fcmleri i\u00e7in | Sunucuyeri.com<\/title>\n<meta name=\"description\" content=\"Sunucuyeri blog sayfam\u0131z \u00fczerinden vds, vps , hosting , sunucu hizmetlerine ait bilgileri bulabilir ve \u00e7\u00f6z\u00fcme kavu\u015fturabilirsiniz.\" \/>\n<meta name=\"robots\" content=\"index, follow, max-snippet:-1, max-image-preview:large, max-video-preview:-1\" \/>\n<link rel=\"canonical\" href=\"https:\/\/sunucuyeri.com\/blog\/\" \/>\n<meta property=\"og:locale\" content=\"tr_TR\" \/>\n<meta property=\"og:type\" content=\"article\" \/>\n<meta property=\"og:title\" content=\"Sunucu Sorunu \u00c7\u00f6z\u00fcmleri i\u00e7in | Sunucuyeri.com\" \/>\n<meta property=\"og:description\" content=\"Sunucuyeri blog sayfam\u0131z \u00fczerinden vds, vps , hosting , sunucu hizmetlerine ait bilgileri bulabilir ve \u00e7\u00f6z\u00fcme kavu\u015fturabilirsiniz.\" \/>\n<meta property=\"og:url\" content=\"https:\/\/sunucuyeri.com\/blog\/\" \/>\n<meta property=\"og:site_name\" content=\"Sunucuyeri Blog\" \/>\n<meta property=\"article:modified_time\" content=\"2020-07-02T08:28:21+00:00\" \/>\n<meta property=\"og:image\" content=\"https:\/\/sunucuyeri.com\/blog\/wp-content\/uploads\/2020\/05\/ecommerce.png\" \/>\n<meta name=\"twitter:card\" content=\"summary_large_image\" \/>\n<meta name=\"twitter:label1\" content=\"Tahmini okuma s\u00fcresi\" \/>\n\t<meta name=\"twitter:data1\" content=\"5 dakika\" \/>\n<script type=\"application\/ld+json\" class=\"yoast-schema-graph\">{\"@context\":\"https:\/\/schema.org\",\"@graph\":[{\"@type\":\"WebPage\",\"@id\":\"https:\/\/sunucuyeri.com\/blog\/\",\"url\":\"https:\/\/sunucuyeri.com\/blog\/\",\"name\":\"Sunucu Sorunu \u00c7\u00f6z\u00fcmleri i\u00e7in | Sunucuyeri.com\",\"isPartOf\":{\"@id\":\"https:\/\/sunucuyeri.com\/blog\/#website\"},\"primaryImageOfPage\":{\"@id\":\"https:\/\/sunucuyeri.com\/blog\/#primaryimage\"},\"image\":{\"@id\":\"https:\/\/sunucuyeri.com\/blog\/#primaryimage\"},\"thumbnailUrl\":\"https:\/\/sunucuyeri.com\/blog\/wp-content\/uploads\/2020\/05\/ecommerce.png\",\"datePublished\":\"2020-05-19T15:45:43+00:00\",\"dateModified\":\"2020-07-02T08:28:21+00:00\",\"description\":\"Sunucuyeri blog sayfam\u0131z \u00fczerinden vds, vps , hosting , sunucu hizmetlerine ait bilgileri bulabilir ve \u00e7\u00f6z\u00fcme kavu\u015fturabilirsiniz.\",\"breadcrumb\":{\"@id\":\"https:\/\/sunucuyeri.com\/blog\/#breadcrumb\"},\"inLanguage\":\"tr\",\"potentialAction\":[{\"@type\":\"ReadAction\",\"target\":[\"https:\/\/sunucuyeri.com\/blog\/\"]}]},{\"@type\":\"ImageObject\",\"inLanguage\":\"tr\",\"@id\":\"https:\/\/sunucuyeri.com\/blog\/#primaryimage\",\"url\":\"https:\/\/sunucuyeri.com\/blog\/wp-content\/uploads\/2020\/05\/ecommerce.png\",\"contentUrl\":\"https:\/\/sunucuyeri.com\/blog\/wp-content\/uploads\/2020\/05\/ecommerce.png\",\"width\":640,\"height\":339},{\"@type\":\"BreadcrumbList\",\"@id\":\"https:\/\/sunucuyeri.com\/blog\/#breadcrumb\",\"itemListElement\":[{\"@type\":\"ListItem\",\"position\":1,\"name\":\"Ana sayfa\",\"item\":\"https:\/\/sunucuyeri.com\/blog\/\"},{\"@type\":\"ListItem\",\"position\":2,\"name\":\"Ana Sayfa\"}]},{\"@type\":\"WebSite\",\"@id\":\"https:\/\/sunucuyeri.com\/blog\/#website\",\"url\":\"https:\/\/sunucuyeri.com\/blog\/\",\"name\":\"Sunucuyeri Blog\",\"description\":\"Sayfam\u0131zdan Sekt&ouml;rel Haberlere Ula\u015fabilirsiniz | Sunucuyeri Hosting\",\"potentialAction\":[{\"@type\":\"SearchAction\",\"target\":{\"@type\":\"EntryPoint\",\"urlTemplate\":\"https:\/\/sunucuyeri.com\/blog\/?s={search_term_string}\"},\"query-input\":\"required name=search_term_string\"}],\"inLanguage\":\"tr\"}]}<\/script>\n<!-- \/ Yoast SEO plugin. -->","yoast_head_json":{"title":"Sunucu Sorunu \u00c7\u00f6z\u00fcmleri i\u00e7in | Sunucuyeri.com","description":"Sunucuyeri blog sayfam\u0131z \u00fczerinden vds, vps , hosting , sunucu hizmetlerine ait bilgileri bulabilir ve \u00e7\u00f6z\u00fcme kavu\u015fturabilirsiniz.","robots":{"index":"index","follow":"follow","max-snippet":"max-snippet:-1","max-image-preview":"max-image-preview:large","max-video-preview":"max-video-preview:-1"},"canonical":"https:\/\/sunucuyeri.com\/blog\/","og_locale":"tr_TR","og_type":"article","og_title":"Sunucu Sorunu \u00c7\u00f6z\u00fcmleri i\u00e7in | Sunucuyeri.com","og_description":"Sunucuyeri blog sayfam\u0131z \u00fczerinden vds, vps , hosting , sunucu hizmetlerine ait bilgileri bulabilir ve \u00e7\u00f6z\u00fcme kavu\u015fturabilirsiniz.","og_url":"https:\/\/sunucuyeri.com\/blog\/","og_site_name":"Sunucuyeri Blog","article_modified_time":"2020-07-02T08:28:21+00:00","og_image":[{"url":"https:\/\/sunucuyeri.com\/blog\/wp-content\/uploads\/2020\/05\/ecommerce.png"}],"twitter_card":"summary_large_image","twitter_misc":{"Tahmini okuma s\u00fcresi":"5 dakika"},"schema":{"@context":"https:\/\/schema.org","@graph":[{"@type":"WebPage","@id":"https:\/\/sunucuyeri.com\/blog\/","url":"https:\/\/sunucuyeri.com\/blog\/","name":"Sunucu Sorunu \u00c7\u00f6z\u00fcmleri i\u00e7in | Sunucuyeri.com","isPartOf":{"@id":"https:\/\/sunucuyeri.com\/blog\/#website"},"primaryImageOfPage":{"@id":"https:\/\/sunucuyeri.com\/blog\/#primaryimage"},"image":{"@id":"https:\/\/sunucuyeri.com\/blog\/#primaryimage"},"thumbnailUrl":"https:\/\/sunucuyeri.com\/blog\/wp-content\/uploads\/2020\/05\/ecommerce.png","datePublished":"2020-05-19T15:45:43+00:00","dateModified":"2020-07-02T08:28:21+00:00","description":"Sunucuyeri blog sayfam\u0131z \u00fczerinden vds, vps , hosting , sunucu hizmetlerine ait bilgileri bulabilir ve \u00e7\u00f6z\u00fcme kavu\u015fturabilirsiniz.","breadcrumb":{"@id":"https:\/\/sunucuyeri.com\/blog\/#breadcrumb"},"inLanguage":"tr","potentialAction":[{"@type":"ReadAction","target":["https:\/\/sunucuyeri.com\/blog\/"]}]},{"@type":"ImageObject","inLanguage":"tr","@id":"https:\/\/sunucuyeri.com\/blog\/#primaryimage","url":"https:\/\/sunucuyeri.com\/blog\/wp-content\/uploads\/2020\/05\/ecommerce.png","contentUrl":"https:\/\/sunucuyeri.com\/blog\/wp-content\/uploads\/2020\/05\/ecommerce.png","width":640,"height":339},{"@type":"BreadcrumbList","@id":"https:\/\/sunucuyeri.com\/blog\/#breadcrumb","itemListElement":[{"@type":"ListItem","position":1,"name":"Ana sayfa","item":"https:\/\/sunucuyeri.com\/blog\/"},{"@type":"ListItem","position":2,"name":"Ana Sayfa"}]},{"@type":"WebSite","@id":"https:\/\/sunucuyeri.com\/blog\/#website","url":"https:\/\/sunucuyeri.com\/blog\/","name":"Sunucuyeri Blog","description":"Sayfam\u0131zdan Sekt&ouml;rel Haberlere Ula\u015fabilirsiniz | Sunucuyeri Hosting","potentialAction":[{"@type":"SearchAction","target":{"@type":"EntryPoint","urlTemplate":"https:\/\/sunucuyeri.com\/blog\/?s={search_term_string}"},"query-input":"required name=search_term_string"}],"inLanguage":"tr"}]}},"_links":{"self":[{"href":"https:\/\/sunucuyeri.com\/blog\/wp-json\/wp\/v2\/pages\/57"}],"collection":[{"href":"https:\/\/sunucuyeri.com\/blog\/wp-json\/wp\/v2\/pages"}],"about":[{"href":"https:\/\/sunucuyeri.com\/blog\/wp-json\/wp\/v2\/types\/page"}],"author":[{"embeddable":true,"href":"https:\/\/sunucuyeri.com\/blog\/wp-json\/wp\/v2\/users\/4"}],"replies":[{"embeddable":true,"href":"https:\/\/sunucuyeri.com\/blog\/wp-json\/wp\/v2\/comments?post=57"}],"version-history":[{"count":8,"href":"https:\/\/sunucuyeri.com\/blog\/wp-json\/wp\/v2\/pages\/57\/revisions"}],"predecessor-version":[{"id":6345,"href":"https:\/\/sunucuyeri.com\/blog\/wp-json\/wp\/v2\/pages\/57\/revisions\/6345"}],"wp:attachment":[{"href":"https:\/\/sunucuyeri.com\/blog\/wp-json\/wp\/v2\/media?parent=57"}],"curies":[{"name":"wp","href":"https:\/\/api.w.org\/{rel}","templated":true}]}}